{"id":8067,"date":"2021-10-29T12:41:18","date_gmt":"2021-10-29T10:41:18","guid":{"rendered":"https:\/\/dev.accu-lube.com\/?page_id=8067"},"modified":"2023-01-09T09:26:41","modified_gmt":"2023-01-09T08:26:41","slug":"impressum","status":"publish","type":"page","link":"https:\/\/www.accu-lube.com\/en\/impressum\/","title":{"rendered":"Site Notice"},"content":{"rendered":"<section class=\"l-section wpb_row height_custom\"><div class=\"l-section-h i-cf\"><div class=\"g-cols vc_row via_grid cols_1 laptops-cols_inherit tablets-cols_inherit mobiles-cols_1 valign_top type_default stacking_default\"><div class=\"wpb_column vc_column_container\"><div class=\"vc_column-inner\"><div class=\"wpb_text_column\"><div class=\"wpb_wrapper\"><h1>Site Notice<\/h1>\n<h2><h2>Information pursuant to Sect. 5 German Telemedia Act (TMG)<\/h2><\/h2>\n<p class=\"translation-block\">Accu-Lube Manufacturing GmbH<br>\r\nGlaitstr. 29<br>\r\n75433 Maulbronn<\/p>\n<p class=\"translation-block\"><p>Commercial Register: HRB 510692<br \/>\nRegistration court: Amtsgericht Mannheim<\/p><\/p>\n<p><strong>Represented by:<\/strong><br \/>\nManaging Directors: Dipl. Oec. J\u00fcrgen Uhlarz, Jens Uhlarz, Thomas Ehmans, Steven Levine<\/p>\n<h2>Contact<\/h2>\n<p class=\"translation-block\"><p>Phone: +49 (0) 7043 56 12<br \/>\nTelefax: +49 (0)7043 90 70 98<br \/>\nE-mail: info@accu-lube.com<\/p><\/p>\n<h2>VAT ID<\/h2>\n<p class=\"translation-block\"><p>Sales tax identification number according to Sect. 27 a of the Sales Tax Law:<br \/>\nDE 144 526 049<\/p><\/p>\n<h2>EU dispute resolution<\/h2>\n<p class=\"translation-block\"><p>The European Commission provides a platform for online dispute resolution (ODR): <a href=\"https:\/\/ec.europa.eu\/consumers\/odr\/\" target=\"_blank\" rel=\"noopener noreferrer\">https:\/\/ec.europa.eu\/consumers\/odr\/<\/a>.<br \/> Our e-mail address can be found above in the site notice.<\/p><\/p>\n<h2>Dispute resolution proceedings in front of a consumer arbitration board<\/h2>\n<p><p>We are not willing or obliged to participate in dispute resolution proceedings in front of a consumer arbitration board.<\/p><\/p>\n<\/div><\/div><\/div><\/div><\/div><\/div><\/section>","protected":false},"excerpt":{"rendered":"Impressum Angaben gem\u00e4\u00df \u00a7 5 TMG Accu-Lube Manufacturing GmbH Glaitstr. 29 75433 Maulbronn Handelsregister: HRB 510692 Registergericht: Amtsgericht Mannheim Vertreten durch: Gesch\u00e4ftsf\u00fchrer: Dipl. Oec. J\u00fcrgen Uhlarz, Jens Uhlarz, Thomas Ehmans, Steven Levine Kontakt Telefon: +49 (0) 7043 56 12 Telefax: +49 (0)7043 90 70 98 E-Mail: info@accu-lube.com Umsatzsteuer-ID Umsatzsteuer-Identifikationsnummer gem\u00e4\u00df \u00a7 27 a Umsatzsteuergesetz: DE...","protected":false},"author":3,"featured_media":0,"parent":0,"menu_order":0,"comment_status":"closed","ping_status":"closed","template":"","meta":{"footnotes":""},"class_list":["post-8067","page","type-page","status-publish","hentry"],"yoast_head":"<!-- This site is optimized with the Yoast SEO plugin v27.5 - https:\/\/yoast.com\/product\/yoast-seo-wordpress\/ -->\n<title>Impressum - Accu-Lube Manufacturing GmbH<\/title>\n<meta name=\"robots\" content=\"index, follow, max-snippet:-1, max-image-preview:large, max-video-preview:-1\" \/>\n<link rel=\"canonical\" href=\"https:\/\/www.accu-lube.com\/en\/impressum\/\" \/>\n<meta property=\"og:locale\" content=\"en_US\" \/>\n<meta property=\"og:type\" content=\"article\" \/>\n<meta property=\"og:title\" content=\"Impressum - Accu-Lube Manufacturing GmbH\" \/>\n<meta property=\"og:url\" content=\"https:\/\/www.accu-lube.com\/en\/impressum\/\" \/>\n<meta property=\"og:site_name\" content=\"Accu-Lube Manufacturing GmbH\" \/>\n<meta property=\"article:modified_time\" content=\"2023-01-09T08:26:41+00:00\" \/>\n<meta name=\"twitter:card\" content=\"summary_large_image\" \/>\n<meta name=\"twitter:label1\" content=\"Est. reading time\" \/>\n\t<meta name=\"twitter:data1\" content=\"1 minute\" \/>\n<script type=\"application\/ld+json\" class=\"yoast-schema-graph\">{\"@context\":\"https:\\\/\\\/schema.org\",\"@graph\":[{\"@type\":\"WebPage\",\"@id\":\"https:\\\/\\\/www.accu-lube.com\\\/impressum\\\/\",\"url\":\"https:\\\/\\\/www.accu-lube.com\\\/impressum\\\/\",\"name\":\"Impressum - Accu-Lube Manufacturing GmbH\",\"isPartOf\":{\"@id\":\"https:\\\/\\\/www.accu-lube.com\\\/#website\"},\"datePublished\":\"2021-10-29T10:41:18+00:00\",\"dateModified\":\"2023-01-09T08:26:41+00:00\",\"breadcrumb\":{\"@id\":\"https:\\\/\\\/www.accu-lube.com\\\/impressum\\\/#breadcrumb\"},\"inLanguage\":\"en-US\",\"potentialAction\":[{\"@type\":\"ReadAction\",\"target\":[\"https:\\\/\\\/www.accu-lube.com\\\/impressum\\\/\"]}]},{\"@type\":\"BreadcrumbList\",\"@id\":\"https:\\\/\\\/www.accu-lube.com\\\/impressum\\\/#breadcrumb\",\"itemListElement\":[{\"@type\":\"ListItem\",\"position\":1,\"name\":\"Startseite\",\"item\":\"https:\\\/\\\/www.accu-lube.com\\\/\"},{\"@type\":\"ListItem\",\"position\":2,\"name\":\"Impressum\"}]},{\"@type\":\"WebSite\",\"@id\":\"https:\\\/\\\/www.accu-lube.com\\\/#website\",\"url\":\"https:\\\/\\\/www.accu-lube.com\\\/\",\"name\":\"Accu-Lube Manufacturing GmbH\",\"description\":\"\",\"potentialAction\":[{\"@type\":\"SearchAction\",\"target\":{\"@type\":\"EntryPoint\",\"urlTemplate\":\"https:\\\/\\\/www.accu-lube.com\\\/?s={search_term_string}\"},\"query-input\":{\"@type\":\"PropertyValueSpecification\",\"valueRequired\":true,\"valueName\":\"search_term_string\"}}],\"inLanguage\":\"en-US\"}]}<\/script>\n<!-- \/ Yoast SEO plugin. -->","yoast_head_json":{"title":"Impressum - Accu-Lube Manufacturing GmbH","robots":{"index":"index","follow":"follow","max-snippet":"max-snippet:-1","max-image-preview":"max-image-preview:large","max-video-preview":"max-video-preview:-1"},"canonical":"https:\/\/www.accu-lube.com\/en\/impressum\/","og_locale":"en_US","og_type":"article","og_title":"Impressum - Accu-Lube Manufacturing GmbH","og_url":"https:\/\/www.accu-lube.com\/en\/impressum\/","og_site_name":"Accu-Lube Manufacturing GmbH","article_modified_time":"2023-01-09T08:26:41+00:00","twitter_card":"summary_large_image","twitter_misc":{"Est. reading time":"1 minute"},"schema":{"@context":"https:\/\/schema.org","@graph":[{"@type":"WebPage","@id":"https:\/\/www.accu-lube.com\/impressum\/","url":"https:\/\/www.accu-lube.com\/impressum\/","name":"Impressum - Accu-Lube Manufacturing GmbH","isPartOf":{"@id":"https:\/\/www.accu-lube.com\/#website"},"datePublished":"2021-10-29T10:41:18+00:00","dateModified":"2023-01-09T08:26:41+00:00","breadcrumb":{"@id":"https:\/\/www.accu-lube.com\/impressum\/#breadcrumb"},"inLanguage":"en-US","potentialAction":[{"@type":"ReadAction","target":["https:\/\/www.accu-lube.com\/impressum\/"]}]},{"@type":"BreadcrumbList","@id":"https:\/\/www.accu-lube.com\/impressum\/#breadcrumb","itemListElement":[{"@type":"ListItem","position":1,"name":"Startseite","item":"https:\/\/www.accu-lube.com\/"},{"@type":"ListItem","position":2,"name":"Impressum"}]},{"@type":"WebSite","@id":"https:\/\/www.accu-lube.com\/#website","url":"https:\/\/www.accu-lube.com\/","name":"Accu-Lube Manufacturing GmbH","description":"","potentialAction":[{"@type":"SearchAction","target":{"@type":"EntryPoint","urlTemplate":"https:\/\/www.accu-lube.com\/?s={search_term_string}"},"query-input":{"@type":"PropertyValueSpecification","valueRequired":true,"valueName":"search_term_string"}}],"inLanguage":"en-US"}]}},"_links":{"self":[{"href":"https:\/\/www.accu-lube.com\/en\/wp-json\/wp\/v2\/pages\/8067","targetHints":{"allow":["GET"]}}],"collection":[{"href":"https:\/\/www.accu-lube.com\/en\/wp-json\/wp\/v2\/pages"}],"about":[{"href":"https:\/\/www.accu-lube.com\/en\/wp-json\/wp\/v2\/types\/page"}],"author":[{"embeddable":true,"href":"https:\/\/www.accu-lube.com\/en\/wp-json\/wp\/v2\/users\/3"}],"replies":[{"embeddable":true,"href":"https:\/\/www.accu-lube.com\/en\/wp-json\/wp\/v2\/comments?post=8067"}],"version-history":[{"count":8,"href":"https:\/\/www.accu-lube.com\/en\/wp-json\/wp\/v2\/pages\/8067\/revisions"}],"predecessor-version":[{"id":8374,"href":"https:\/\/www.accu-lube.com\/en\/wp-json\/wp\/v2\/pages\/8067\/revisions\/8374"}],"wp:attachment":[{"href":"https:\/\/www.accu-lube.com\/en\/wp-json\/wp\/v2\/media?parent=8067"}],"curies":[{"name":"wp","href":"https:\/\/api.w.org\/{rel}","templated":true}]}}