{"id":7933,"date":"2021-10-29T11:51:25","date_gmt":"2021-10-29T09:51:25","guid":{"rendered":"https:\/\/dev.accu-lube.com\/?page_id=7933"},"modified":"2023-01-30T14:56:13","modified_gmt":"2023-01-30T13:56:13","slug":"produkte","status":"publish","type":"page","link":"https:\/\/www.accu-lube.com\/en\/produkte\/","title":{"rendered":"Products"},"content":{"rendered":"<section class=\"l-section wpb_row height_custom\"><div class=\"l-section-h i-cf\"><div class=\"g-cols vc_row via_grid cols_1 laptops-cols_inherit tablets-cols_inherit mobiles-cols_1 valign_top type_default stacking_default\"><div class=\"wpb_column vc_column_container\"><div class=\"vc_column-inner\"><div class=\"wpb_text_column\"><div class=\"wpb_wrapper\"><h1 style=\"text-align: center;\">Alle Accu-Lube Produkte auf einen Blick<\/h1>\n<\/div><\/div><div class=\"w-separator size_small\"><\/div><div class=\"w-grid type_grid layout_8084 cols_3 ratio_1x1\" id=\"us_grid_1\" style=\"--gap:1rem;\" data-filterable=\"true\"><style>@media (max-width:1024px){#us_grid_1 .w-grid-item{width:50%}#us_grid_1 .w-grid-item.size_2x1,#us_grid_1 .w-grid-item.size_2x2{width:100%}}@media (max-width:600px){#us_grid_1 .w-grid-list{margin:0}#us_grid_1 .w-grid-item{width:100%;padding:0;margin-bottom:var(--gap,0px)}}.layout_8084 .w-grid-item-h:before{padding-bottom:100%}@media (min-width:601px){.layout_8084 .w-grid-item.size_1x2 .w-grid-item-h:before{padding-bottom:calc(200% + var(--gap,0px) * 2)}.layout_8084 .w-grid-item.size_2x1 .w-grid-item-h:before{padding-bottom:calc(50% - var(--gap,0px) * 1)}.layout_8084 .w-grid-item.size_2x2 .w-grid-item-h:before{padding-bottom:calc(100% - var(--gap,0px) * 0)}}.layout_8084 .w-grid-item-h{background:rgba(51,51,51,0.00)}.layout_8084 .usg_post_image_1{transition-duration:0.35s;transform-origin:50% 50%;transform:scale(1) translate(0%,0%)}.layout_8084 .w-grid-item-h:hover .usg_post_image_1{transform:scale(1.1) translate(0%,0%);opacity:1}.layout_8084 .usg_post_image_1{position:absolute!important;left:0!important;top:0!important;bottom:0!important;right:0!important}.layout_8084 .usg_vwrapper_1{position:absolute!important;right:0!important;bottom:0!important;left:0!important;background:linear-gradient(transparent,rgba(30,30,30,0.8))!important;padding:4rem 2rem 1.5rem 2rem!important}.layout_8084 .usg_post_title_1{color:#ffffff!important;font-size:1.2rem!important}<\/style><div class=\"w-grid-list\">\t<article class=\"w-grid-item size_1x1 post-330 us_portfolio type-us_portfolio status-publish has-post-thumbnail hentry us_portfolio_category-aussenschmierung us_portfolio_category-produkte\" data-id=\"330\">\r\n\t\t<div class=\"w-grid-item-h\">\r\n\t\t\t\t\t\t\t<a href=\"https:\/\/www.accu-lube.com\/en\/Produkte\/aussenschmierung\/\" class=\"w-grid-item-anchor\" aria-label=\"Au\u00dfenschmierung\"><\/a>\r\n\t\t\t\t\t\t<div class=\"w-post-elm post_image usg_post_image_1 stretched\"><img loading=\"lazy\" decoding=\"async\" width=\"800\" height=\"588\" src=\"https:\/\/www.accu-lube.com\/wp-content\/uploads\/2022\/07\/Dosiergeraet_2300-x-1690-px-300-dpi.jpg\" class=\"attachment-large size-large wp-post-image\" alt=\"ACCU-LUBE Dosierger\u00e4t f\u00fcr die Au\u00dfenschmierung in dunkelgrauem Geh\u00e4use mit 1-Liter-Beh\u00e4lter.\" srcset=\"https:\/\/www.accu-lube.com\/wp-content\/uploads\/2022\/07\/Dosiergeraet_2300-x-1690-px-300-dpi.jpg 800w, https:\/\/www.accu-lube.com\/wp-content\/uploads\/2022\/07\/Dosiergeraet_2300-x-1690-px-300-dpi-300x221.jpg 300w, https:\/\/www.accu-lube.com\/wp-content\/uploads\/2022\/07\/Dosiergeraet_2300-x-1690-px-300-dpi-544x400.jpg 544w\" sizes=\"auto, (max-width: 800px) 100vw, 800px\" \/><\/div><div class=\"w-vwrapper usg_vwrapper_1 align_none valign_top\"><h2 class=\"w-post-elm post_title usg_post_title_1 has_text_color align_center entry-title color_link_inherit\">Au\u00dfenschmierung<\/h2><\/div>\t\t<\/div>\r\n\t\t\t<\/article>\r\n\t<article class=\"w-grid-item size_1x1 post-340 us_portfolio type-us_portfolio status-publish has-post-thumbnail hentry us_portfolio_category-innenschmierung us_portfolio_category-produkte\" data-id=\"340\">\r\n\t\t<div class=\"w-grid-item-h\">\r\n\t\t\t\t\t\t\t<a href=\"https:\/\/www.accu-lube.com\/en\/Produkte\/innenschmierung\/\" class=\"w-grid-item-anchor\" aria-label=\"Innenschmierung\"><\/a>\r\n\t\t\t\t\t\t<div class=\"w-post-elm post_image usg_post_image_1 stretched\"><img loading=\"lazy\" decoding=\"async\" width=\"800\" height=\"588\" src=\"https:\/\/www.accu-lube.com\/wp-content\/uploads\/2022\/07\/MiniBooster_2300-x-1690-px-300-dpi.jpg\" class=\"attachment-large size-large wp-post-image\" alt=\"ACCU-LUBE MiniBooster Mini f\u00fcr die Innenschmierung in hellgrauem Geh\u00e4use mit 1-Liter-Beh\u00e4lter.\" srcset=\"https:\/\/www.accu-lube.com\/wp-content\/uploads\/2022\/07\/MiniBooster_2300-x-1690-px-300-dpi.jpg 800w, https:\/\/www.accu-lube.com\/wp-content\/uploads\/2022\/07\/MiniBooster_2300-x-1690-px-300-dpi-300x221.jpg 300w, https:\/\/www.accu-lube.com\/wp-content\/uploads\/2022\/07\/MiniBooster_2300-x-1690-px-300-dpi-544x400.jpg 544w\" sizes=\"auto, (max-width: 800px) 100vw, 800px\" \/><\/div><div class=\"w-vwrapper usg_vwrapper_1 align_none valign_top\"><h2 class=\"w-post-elm post_title usg_post_title_1 has_text_color align_center entry-title color_link_inherit\">Innenschmierung<\/h2><\/div>\t\t<\/div>\r\n\t\t\t<\/article>\r\n\t<article class=\"w-grid-item size_1x1 post-332 us_portfolio type-us_portfolio status-publish has-post-thumbnail hentry us_portfolio_category-produkte us_portfolio_category-schmiermittel\" data-id=\"332\">\r\n\t\t<div class=\"w-grid-item-h\">\r\n\t\t\t\t\t\t\t<a href=\"https:\/\/www.accu-lube.com\/en\/Produkte\/schmiermittel\/\" class=\"w-grid-item-anchor\" aria-label=\"Schmiermittel\"><\/a>\r\n\t\t\t\t\t\t<div class=\"w-post-elm post_image usg_post_image_1 stretched\"><img loading=\"lazy\" decoding=\"async\" width=\"800\" height=\"588\" src=\"https:\/\/www.accu-lube.com\/wp-content\/uploads\/2022\/07\/Schmiermittel_2300-x-1690-px-300-dpi.jpg\" class=\"attachment-large size-large wp-post-image\" alt=\"Fass und drei Kanister in verschiedenen Gr\u00f6ssen mit ACCU-LUBE Schmiermitteln.\" srcset=\"https:\/\/www.accu-lube.com\/wp-content\/uploads\/2022\/07\/Schmiermittel_2300-x-1690-px-300-dpi.jpg 800w, https:\/\/www.accu-lube.com\/wp-content\/uploads\/2022\/07\/Schmiermittel_2300-x-1690-px-300-dpi-300x221.jpg 300w, https:\/\/www.accu-lube.com\/wp-content\/uploads\/2022\/07\/Schmiermittel_2300-x-1690-px-300-dpi-544x400.jpg 544w\" sizes=\"auto, (max-width: 800px) 100vw, 800px\" \/><\/div><div class=\"w-vwrapper usg_vwrapper_1 align_none valign_top\"><h2 class=\"w-post-elm post_title usg_post_title_1 has_text_color align_center entry-title color_link_inherit\">Schmiermittel<\/h2><\/div>\t\t<\/div>\r\n\t\t\t<\/article>\r\n<\/div><div class=\"w-grid-preloader\">\t<div class=\"g-preloader type_3\">\r\n\t\t<div><\/div>\r\n\t<\/div>\r\n\t<\/div>\t<div class=\"w-grid-json hidden\" onclick='return {&quot;action&quot;:&quot;us_ajax_grid&quot;,&quot;infinite_scroll&quot;:0,&quot;max_num_pages&quot;:1,&quot;pagination&quot;:&quot;none&quot;,&quot;template_vars&quot;:{&quot;columns&quot;:&quot;3&quot;,&quot;exclude_items&quot;:&quot;none&quot;,&quot;img_size&quot;:&quot;default&quot;,&quot;ignore_items_size&quot;:0,&quot;items_layout&quot;:&quot;8084&quot;,&quot;items_offset&quot;:&quot;1&quot;,&quot;load_animation&quot;:&quot;none&quot;,&quot;overriding_link&quot;:&quot;%7B%22type%22%3A%22post%22%7D&quot;,&quot;post_id&quot;:0,&quot;query_args&quot;:{&quot;post_type&quot;:[&quot;us_portfolio&quot;],&quot;tax_query&quot;:[{&quot;taxonomy&quot;:&quot;us_portfolio_category&quot;,&quot;field&quot;:&quot;slug&quot;,&quot;terms&quot;:[&quot;produkte&quot;]}],&quot;post_status&quot;:[&quot;publish&quot;],&quot;posts_per_page&quot;:&quot;3&quot;},&quot;orderby_query_args&quot;:{&quot;orderby&quot;:{&quot;title&quot;:&quot;ASC&quot;},&quot;order&quot;:&quot;ASC&quot;},&quot;type&quot;:&quot;grid&quot;,&quot;us_grid_post_type&quot;:&quot;us_portfolio&quot;,&quot;us_grid_ajax_index&quot;:1,&quot;us_grid_filter_query_string&quot;:null,&quot;us_grid_index&quot;:1,&quot;page_args&quot;:[]}}'><\/div>\r\n\t<\/div><\/div><\/div><\/div><\/div><\/section>\n","protected":false},"excerpt":{"rendered":"Accu-Lube Schmiermittel Beim Einsatz der Accu-Lube Schmiermittel ist eine nachhaltige und optimale Bearbeitung aller metallischen Werkstoffe garantiert. Die Accu-Lube Schmiermittel werden aus ungiftigen, nachwachsenden, pflanzlichen Rohstoffen hergestellt. Sie sind umweltfreundlich und biologisch abbaubar. Im Gegensatz zu herk\u00f6mmlichen K\u00fchlschmierstoffen erm\u00f6glichen die Accu-Lube Schmiermittel eine deutliche Verbesserung der Schmierf\u00e4higkeit. Dadurch wird die bei der Metallbearbeitung entstehende Reibungsw\u00e4rme...","protected":false},"author":3,"featured_media":0,"parent":0,"menu_order":0,"comment_status":"closed","ping_status":"closed","template":"","meta":{"footnotes":""},"class_list":["post-7933","page","type-page","status-publish","hentry"],"yoast_head":"<!-- This site is optimized with the Yoast SEO plugin v27.4 - https:\/\/yoast.com\/product\/yoast-seo-wordpress\/ -->\n<title>Produkte<\/title>\n<meta name=\"description\" content=\"\u00dcbersicht \u00fcber unsere ACCU-LUBE-Ger\u00e4te f\u00fcr Innen- und Au\u00dfenschmierung sowie unsere ACCU-LUBE-Schmiermittel\" \/>\n<meta name=\"robots\" content=\"index, follow, max-snippet:-1, max-image-preview:large, max-video-preview:-1\" \/>\n<link rel=\"canonical\" href=\"https:\/\/www.accu-lube.com\/en\/produkte\/\" \/>\n<meta property=\"og:locale\" content=\"en_US\" \/>\n<meta property=\"og:type\" content=\"article\" \/>\n<meta property=\"og:title\" content=\"Produkte\" \/>\n<meta property=\"og:description\" content=\"\u00dcbersicht \u00fcber unsere ACCU-LUBE-Ger\u00e4te f\u00fcr Innen- und Au\u00dfenschmierung sowie unsere ACCU-LUBE-Schmiermittel\" \/>\n<meta property=\"og:url\" content=\"https:\/\/www.accu-lube.com\/en\/produkte\/\" \/>\n<meta property=\"og:site_name\" content=\"Accu-Lube Manufacturing GmbH\" \/>\n<meta property=\"article:modified_time\" content=\"2023-01-30T13:56:13+00:00\" \/>\n<meta name=\"twitter:card\" content=\"summary_large_image\" \/>\n<meta name=\"twitter:label1\" content=\"Est. reading time\" \/>\n\t<meta name=\"twitter:data1\" content=\"1 minute\" \/>\n<script type=\"application\/ld+json\" class=\"yoast-schema-graph\">{\"@context\":\"https:\\\/\\\/schema.org\",\"@graph\":[{\"@type\":\"WebPage\",\"@id\":\"https:\\\/\\\/www.accu-lube.com\\\/produkte\\\/\",\"url\":\"https:\\\/\\\/www.accu-lube.com\\\/produkte\\\/\",\"name\":\"Produkte\",\"isPartOf\":{\"@id\":\"https:\\\/\\\/www.accu-lube.com\\\/#website\"},\"datePublished\":\"2021-10-29T09:51:25+00:00\",\"dateModified\":\"2023-01-30T13:56:13+00:00\",\"description\":\"\u00dcbersicht \u00fcber unsere ACCU-LUBE-Ger\u00e4te f\u00fcr Innen- und Au\u00dfenschmierung sowie unsere ACCU-LUBE-Schmiermittel\",\"breadcrumb\":{\"@id\":\"https:\\\/\\\/www.accu-lube.com\\\/produkte\\\/#breadcrumb\"},\"inLanguage\":\"en-US\",\"potentialAction\":[{\"@type\":\"ReadAction\",\"target\":[\"https:\\\/\\\/www.accu-lube.com\\\/produkte\\\/\"]}]},{\"@type\":\"BreadcrumbList\",\"@id\":\"https:\\\/\\\/www.accu-lube.com\\\/produkte\\\/#breadcrumb\",\"itemListElement\":[{\"@type\":\"ListItem\",\"position\":1,\"name\":\"Startseite\",\"item\":\"https:\\\/\\\/www.accu-lube.com\\\/\"},{\"@type\":\"ListItem\",\"position\":2,\"name\":\"Produkte\"}]},{\"@type\":\"WebSite\",\"@id\":\"https:\\\/\\\/www.accu-lube.com\\\/#website\",\"url\":\"https:\\\/\\\/www.accu-lube.com\\\/\",\"name\":\"Accu-Lube Manufacturing GmbH\",\"description\":\"\",\"potentialAction\":[{\"@type\":\"SearchAction\",\"target\":{\"@type\":\"EntryPoint\",\"urlTemplate\":\"https:\\\/\\\/www.accu-lube.com\\\/?s={search_term_string}\"},\"query-input\":{\"@type\":\"PropertyValueSpecification\",\"valueRequired\":true,\"valueName\":\"search_term_string\"}}],\"inLanguage\":\"en-US\"}]}<\/script>\n<!-- \/ Yoast SEO plugin. -->","yoast_head_json":{"title":"Products","description":"\u00dcbersicht \u00fcber unsere ACCU-LUBE-Ger\u00e4te f\u00fcr Innen- und Au\u00dfenschmierung sowie unsere ACCU-LUBE-Schmiermittel","robots":{"index":"index","follow":"follow","max-snippet":"max-snippet:-1","max-image-preview":"max-image-preview:large","max-video-preview":"max-video-preview:-1"},"canonical":"https:\/\/www.accu-lube.com\/en\/produkte\/","og_locale":"en_US","og_type":"article","og_title":"Produkte","og_description":"\u00dcbersicht \u00fcber unsere ACCU-LUBE-Ger\u00e4te f\u00fcr Innen- und Au\u00dfenschmierung sowie unsere ACCU-LUBE-Schmiermittel","og_url":"https:\/\/www.accu-lube.com\/en\/produkte\/","og_site_name":"Accu-Lube Manufacturing GmbH","article_modified_time":"2023-01-30T13:56:13+00:00","twitter_card":"summary_large_image","twitter_misc":{"Est. reading time":"1 minute"},"schema":{"@context":"https:\/\/schema.org","@graph":[{"@type":"WebPage","@id":"https:\/\/www.accu-lube.com\/produkte\/","url":"https:\/\/www.accu-lube.com\/produkte\/","name":"Products","isPartOf":{"@id":"https:\/\/www.accu-lube.com\/#website"},"datePublished":"2021-10-29T09:51:25+00:00","dateModified":"2023-01-30T13:56:13+00:00","description":"\u00dcbersicht \u00fcber unsere ACCU-LUBE-Ger\u00e4te f\u00fcr Innen- und Au\u00dfenschmierung sowie unsere ACCU-LUBE-Schmiermittel","breadcrumb":{"@id":"https:\/\/www.accu-lube.com\/produkte\/#breadcrumb"},"inLanguage":"en-US","potentialAction":[{"@type":"ReadAction","target":["https:\/\/www.accu-lube.com\/produkte\/"]}]},{"@type":"BreadcrumbList","@id":"https:\/\/www.accu-lube.com\/produkte\/#breadcrumb","itemListElement":[{"@type":"ListItem","position":1,"name":"Startseite","item":"https:\/\/www.accu-lube.com\/"},{"@type":"ListItem","position":2,"name":"Produkte"}]},{"@type":"WebSite","@id":"https:\/\/www.accu-lube.com\/#website","url":"https:\/\/www.accu-lube.com\/","name":"Accu-Lube Manufacturing GmbH","description":"","potentialAction":[{"@type":"SearchAction","target":{"@type":"EntryPoint","urlTemplate":"https:\/\/www.accu-lube.com\/?s={search_term_string}"},"query-input":{"@type":"PropertyValueSpecification","valueRequired":true,"valueName":"search_term_string"}}],"inLanguage":"en-US"}]}},"_links":{"self":[{"href":"https:\/\/www.accu-lube.com\/en\/wp-json\/wp\/v2\/pages\/7933","targetHints":{"allow":["GET"]}}],"collection":[{"href":"https:\/\/www.accu-lube.com\/en\/wp-json\/wp\/v2\/pages"}],"about":[{"href":"https:\/\/www.accu-lube.com\/en\/wp-json\/wp\/v2\/types\/page"}],"author":[{"embeddable":true,"href":"https:\/\/www.accu-lube.com\/en\/wp-json\/wp\/v2\/users\/3"}],"replies":[{"embeddable":true,"href":"https:\/\/www.accu-lube.com\/en\/wp-json\/wp\/v2\/comments?post=7933"}],"version-history":[{"count":7,"href":"https:\/\/www.accu-lube.com\/en\/wp-json\/wp\/v2\/pages\/7933\/revisions"}],"predecessor-version":[{"id":8096,"href":"https:\/\/www.accu-lube.com\/en\/wp-json\/wp\/v2\/pages\/7933\/revisions\/8096"}],"wp:attachment":[{"href":"https:\/\/www.accu-lube.com\/en\/wp-json\/wp\/v2\/media?parent=7933"}],"curies":[{"name":"wp","href":"https:\/\/api.w.org\/{rel}","templated":true}]}}