{"id":12,"date":"2013-05-31T11:57:37","date_gmt":"2013-05-31T11:57:37","guid":{"rendered":"http:\/\/impreza.us-themes.net\/pages\/about\/"},"modified":"2023-07-07T09:35:18","modified_gmt":"2023-07-07T07:35:18","slug":"ueber-uns","status":"publish","type":"page","link":"https:\/\/www.accu-lube.com\/en\/ueber-uns\/","title":{"rendered":"About us"},"content":{"rendered":"<section class=\"l-section wpb_row height_custom color_primary with_img parallax_hor bgwidth_120\"><div class=\"l-section-img\" role=\"img\" data-img-width=\"1920\" data-img-height=\"856\" style=\"background-image: url(https:\/\/www.accu-lube.com\/wp-content\/uploads\/2022\/07\/Hintergrund.jpg);background-position: top center;background-repeat: no-repeat;\"><\/div><div class=\"l-section-overlay\" style=\"background:rgba(2,2,2,0.25)\"><\/div><div class=\"l-section-h i-cf\"><div class=\"g-cols vc_row via_grid cols_1 laptops-cols_inherit tablets-cols_inherit mobiles-cols_1 valign_top type_default stacking_default\"><div class=\"wpb_column vc_column_container\"><div class=\"vc_column-inner\"><div class=\"wpb_text_column\"><div class=\"wpb_wrapper\"><h1 style=\"text-align: center;\">About us<\/h1>\n<\/div><\/div><div class=\"w-separator size_small\"><\/div><div class=\"w-iconbox iconpos_top style_default color_custom align_center no_text no_title\"><a href=\"#intro\" class=\"w-iconbox-link\" aria-label=\"far|chevron-down\"><div class=\"w-iconbox-icon\" style=\"font-size:3rem;--icon-color:#ffffff;\"><i class=\"far fa-chevron-down\"><\/i><\/div><\/a><div class=\"w-iconbox-meta\"><\/div><\/div><div class=\"w-separator size_medium\"><\/div><\/div><\/div><\/div><\/div><\/section><section class=\"l-section wpb_row height_custom\" id=\"history\"><div class=\"l-section-h i-cf\"><div class=\"g-cols vc_row via_grid cols_1 laptops-cols_inherit tablets-cols_inherit mobiles-cols_1 valign_top type_default stacking_default\"><div class=\"wpb_column vc_column_container\"><div class=\"vc_column-inner\"><div class=\"wpb_text_column\"><div class=\"wpb_wrapper\"><h2 style=\"text-align: center;\">Our History<\/h2>\n<\/div><\/div><div class=\"w-separator size_small with_line width_30 thick_1 style_solid color_border align_center\"><div class=\"w-separator-h\"><\/div><\/div><div class=\"g-cols wpb_row via_grid cols_1-4-1 laptops-cols_inherit tablets-cols_inherit mobiles-cols_1 valign_top type_default stacking_default\" style=\"--gap:3rem;\"><div class=\"wpb_column vc_column_container\"><div class=\"vc_column-inner\"><\/div><\/div><div class=\"wpb_column vc_column_container\"><div class=\"vc_column-inner\"><div class=\"wpb_text_column\"><div class=\"wpb_wrapper\"><p style=\"text-align: left;\" class=\"translation-block\"><strong> ACCU-LUBE Manufacturing GmbH<\/strong>  can look back on over 35 years of experience.<\/p>\n<p class=\"translation-block\">It all started in <strong>1984<\/strong> with a test machining aluminium and titanium in an aircraft company.<\/p>\n<p style=\"text-align: left;\"><strong>1984-1988:<\/strong> Distribution of applicators and lubricants in Germany through our sister company <strong>REXIM Werkzeugvertriebs-GmbH<\/strong>.<\/p>\n<p style=\"text-align: left;\"><strong>1988<\/strong>: Foundation of ACCU-LUBE Manufacturing GmbH and beginning of manufacturing applicators<\/p>\n<p style=\"text-align: left;\" class=\"translation-block\"><strong>1990s:<\/strong>  Marked by creating a distribution network in Europe.<\/p>\n<p style=\"text-align: left;\" class=\"translation-block\"><strong>2000+:<\/strong> Development of ACCU-LUBE MiniBooster for inside lubrication and further improvements on units and lubricants.<\/p>\n<\/div><\/div><\/div><\/div><div class=\"wpb_column vc_column_container\"><div class=\"vc_column-inner\"><\/div><\/div><\/div><\/div><\/div><\/div><\/div><\/section>","protected":false},"excerpt":{"rendered":"\u00dcber uns Unsere Geschichte Die Accu-Lube Manufacturing GmbH blickt auf eine \u00fcber 35-j\u00e4hrige Geschichte und Erfahrung zur\u00fcck. Alles begann 1984 bei einem Test zur Zerspanung von Aluminium und Titan in einer Flugzeugwerft. 1984-1988: Verkauf von Dosierger\u00e4ten und Schmiermitteln auf dem deutschen Markt \u00fcber die Schwesterfirma REXIM Werkzeugvertriebs-GmbH. 1988: Gr\u00fcndung der Accu-Lube Manufacturing GmbH sowie Beginn...","protected":false},"author":3,"featured_media":0,"parent":0,"menu_order":0,"comment_status":"closed","ping_status":"closed","template":"","meta":{"footnotes":""},"class_list":["post-12","page","type-page","status-publish","hentry"],"yoast_head":"<!-- This site is optimized with the Yoast SEO plugin v27.5 - https:\/\/yoast.com\/product\/yoast-seo-wordpress\/ -->\n<title>\u00dcber uns - Accu-Lube Manufacturing GmbH<\/title>\n<meta name=\"robots\" content=\"index, follow, max-snippet:-1, max-image-preview:large, max-video-preview:-1\" \/>\n<link rel=\"canonical\" href=\"https:\/\/www.accu-lube.com\/en\/ueber-uns\/\" \/>\n<meta property=\"og:locale\" content=\"en_US\" \/>\n<meta property=\"og:type\" content=\"article\" \/>\n<meta property=\"og:title\" content=\"\u00dcber uns - Accu-Lube Manufacturing GmbH\" \/>\n<meta property=\"og:url\" content=\"https:\/\/www.accu-lube.com\/en\/ueber-uns\/\" \/>\n<meta property=\"og:site_name\" content=\"Accu-Lube Manufacturing GmbH\" \/>\n<meta property=\"article:modified_time\" content=\"2023-07-07T07:35:18+00:00\" \/>\n<meta name=\"twitter:card\" content=\"summary_large_image\" \/>\n<meta name=\"twitter:label1\" content=\"Est. reading time\" \/>\n\t<meta name=\"twitter:data1\" content=\"2 minutes\" \/>\n<script type=\"application\/ld+json\" class=\"yoast-schema-graph\">{\"@context\":\"https:\\\/\\\/schema.org\",\"@graph\":[{\"@type\":\"WebPage\",\"@id\":\"https:\\\/\\\/www.accu-lube.com\\\/ueber-uns\\\/\",\"url\":\"https:\\\/\\\/www.accu-lube.com\\\/ueber-uns\\\/\",\"name\":\"\u00dcber uns - Accu-Lube Manufacturing GmbH\",\"isPartOf\":{\"@id\":\"https:\\\/\\\/www.accu-lube.com\\\/#website\"},\"datePublished\":\"2013-05-31T11:57:37+00:00\",\"dateModified\":\"2023-07-07T07:35:18+00:00\",\"breadcrumb\":{\"@id\":\"https:\\\/\\\/www.accu-lube.com\\\/ueber-uns\\\/#breadcrumb\"},\"inLanguage\":\"en-US\",\"potentialAction\":[{\"@type\":\"ReadAction\",\"target\":[\"https:\\\/\\\/www.accu-lube.com\\\/ueber-uns\\\/\"]}]},{\"@type\":\"BreadcrumbList\",\"@id\":\"https:\\\/\\\/www.accu-lube.com\\\/ueber-uns\\\/#breadcrumb\",\"itemListElement\":[{\"@type\":\"ListItem\",\"position\":1,\"name\":\"Startseite\",\"item\":\"https:\\\/\\\/www.accu-lube.com\\\/\"},{\"@type\":\"ListItem\",\"position\":2,\"name\":\"\u00dcber uns\"}]},{\"@type\":\"WebSite\",\"@id\":\"https:\\\/\\\/www.accu-lube.com\\\/#website\",\"url\":\"https:\\\/\\\/www.accu-lube.com\\\/\",\"name\":\"Accu-Lube Manufacturing GmbH\",\"description\":\"\",\"potentialAction\":[{\"@type\":\"SearchAction\",\"target\":{\"@type\":\"EntryPoint\",\"urlTemplate\":\"https:\\\/\\\/www.accu-lube.com\\\/?s={search_term_string}\"},\"query-input\":{\"@type\":\"PropertyValueSpecification\",\"valueRequired\":true,\"valueName\":\"search_term_string\"}}],\"inLanguage\":\"en-US\"}]}<\/script>\n<!-- \/ Yoast SEO plugin. -->","yoast_head_json":{"title":"\u00dcber uns - Accu-Lube Manufacturing GmbH","robots":{"index":"index","follow":"follow","max-snippet":"max-snippet:-1","max-image-preview":"max-image-preview:large","max-video-preview":"max-video-preview:-1"},"canonical":"https:\/\/www.accu-lube.com\/en\/ueber-uns\/","og_locale":"en_US","og_type":"article","og_title":"\u00dcber uns - Accu-Lube Manufacturing GmbH","og_url":"https:\/\/www.accu-lube.com\/en\/ueber-uns\/","og_site_name":"Accu-Lube Manufacturing GmbH","article_modified_time":"2023-07-07T07:35:18+00:00","twitter_card":"summary_large_image","twitter_misc":{"Est. reading time":"2 minutes"},"schema":{"@context":"https:\/\/schema.org","@graph":[{"@type":"WebPage","@id":"https:\/\/www.accu-lube.com\/ueber-uns\/","url":"https:\/\/www.accu-lube.com\/ueber-uns\/","name":"\u00dcber uns - Accu-Lube Manufacturing GmbH","isPartOf":{"@id":"https:\/\/www.accu-lube.com\/#website"},"datePublished":"2013-05-31T11:57:37+00:00","dateModified":"2023-07-07T07:35:18+00:00","breadcrumb":{"@id":"https:\/\/www.accu-lube.com\/ueber-uns\/#breadcrumb"},"inLanguage":"en-US","potentialAction":[{"@type":"ReadAction","target":["https:\/\/www.accu-lube.com\/ueber-uns\/"]}]},{"@type":"BreadcrumbList","@id":"https:\/\/www.accu-lube.com\/ueber-uns\/#breadcrumb","itemListElement":[{"@type":"ListItem","position":1,"name":"Startseite","item":"https:\/\/www.accu-lube.com\/"},{"@type":"ListItem","position":2,"name":"\u00dcber uns"}]},{"@type":"WebSite","@id":"https:\/\/www.accu-lube.com\/#website","url":"https:\/\/www.accu-lube.com\/","name":"Accu-Lube Manufacturing GmbH","description":"","potentialAction":[{"@type":"SearchAction","target":{"@type":"EntryPoint","urlTemplate":"https:\/\/www.accu-lube.com\/?s={search_term_string}"},"query-input":{"@type":"PropertyValueSpecification","valueRequired":true,"valueName":"search_term_string"}}],"inLanguage":"en-US"}]}},"_links":{"self":[{"href":"https:\/\/www.accu-lube.com\/en\/wp-json\/wp\/v2\/pages\/12","targetHints":{"allow":["GET"]}}],"collection":[{"href":"https:\/\/www.accu-lube.com\/en\/wp-json\/wp\/v2\/pages"}],"about":[{"href":"https:\/\/www.accu-lube.com\/en\/wp-json\/wp\/v2\/types\/page"}],"author":[{"embeddable":true,"href":"https:\/\/www.accu-lube.com\/en\/wp-json\/wp\/v2\/users\/3"}],"replies":[{"embeddable":true,"href":"https:\/\/www.accu-lube.com\/en\/wp-json\/wp\/v2\/comments?post=12"}],"version-history":[{"count":23,"href":"https:\/\/www.accu-lube.com\/en\/wp-json\/wp\/v2\/pages\/12\/revisions"}],"predecessor-version":[{"id":8568,"href":"https:\/\/www.accu-lube.com\/en\/wp-json\/wp\/v2\/pages\/12\/revisions\/8568"}],"wp:attachment":[{"href":"https:\/\/www.accu-lube.com\/en\/wp-json\/wp\/v2\/media?parent=12"}],"curies":[{"name":"wp","href":"https:\/\/api.w.org\/{rel}","templated":true}]}}